{"id":5,"date":"2017-07-10T09:23:30","date_gmt":"2017-07-10T09:23:30","guid":{"rendered":"http:\/\/kmsc.pl\/?page_id=5"},"modified":"2017-07-10T09:29:57","modified_gmt":"2017-07-10T09:29:57","slug":"o-nas","status":"publish","type":"page","link":"https:\/\/kmsc.pl\/","title":{"rendered":"O nas"},"content":{"rendered":"<p>Dzi\u0119ki wieloletniemu do\u015bwiadczeniu oferujemy klientom szeroki wachlarz doradztwa w zakresie us\u0142ug projektowania, nadzoru, instalacji i wdra\u017cania oraz serwisu profesjonalnych system\u00f3w audiowizualnych i teletechnicznych.<\/p>\n<p>Nasze do\u015bwiadczenie gromadzili\u015bmy przez lata, doradzaj\u0105c oraz uczestnicz\u0105c w realizacji wielu projekt\u00f3w o bardzo r\u00f3\u017cnorakiej tematyce i skali \u2013 od ma\u0142ych po bardzo du\u017ce, w\u0142\u0105czaj\u0105c unikalne w skali kraju.<\/p>\n<p>\u015awiadczymy us\u0142ugi w zakresie doradztwa przy kompleksowej realizacji od pomys\u0142u do zako\u0144czenia inwestycji. Oferujemy tak\u017ce naszym klientom us\u0142ugi wsparcia, konsultacji o obs\u0142ugi serwisowej w zakresie obs\u0142ugi technicznej w okresie gwarancyjnym i pogwarancyjnym.<\/p>\n","protected":false},"excerpt":{"rendered":"<p>Dzi\u0119ki wieloletniemu do\u015bwiadczeniu oferujemy klientom szeroki wachlarz doradztwa w zakresie us\u0142ug projektowania, nadzoru, instalacji i wdra\u017cania oraz serwisu profesjonalnych system\u00f3w audiowizualnych i teletechnicznych. Nasze do\u015bwiadczenie gromadzili\u015bmy przez lata, doradzaj\u0105c oraz uczestnicz\u0105c w realizacji wielu projekt\u00f3w o bardzo r\u00f3\u017cnorakiej tematyce i skali \u2013 od ma\u0142ych po bardzo du\u017ce, w\u0142\u0105czaj\u0105c unikalne w skali kraju. \u015awiadczymy us\u0142ugi w &hellip; <\/p>\n<p class=\"link-more\"><a href=\"https:\/\/kmsc.pl\/\" class=\"more-link\">Czytaj dalej<span class=\"screen-reader-text\"> \u201eO nas\u201d<\/span><\/a><\/p>\n","protected":false},"author":1,"featured_media":0,"parent":0,"menu_order":0,"comment_status":"closed","ping_status":"closed","template":"","meta":{"footnotes":""},"class_list":["post-5","page","type-page","status-publish","hentry"],"_links":{"self":[{"href":"https:\/\/kmsc.pl\/index.php?rest_route=\/wp\/v2\/pages\/5","targetHints":{"allow":["GET"]}}],"collection":[{"href":"https:\/\/kmsc.pl\/index.php?rest_route=\/wp\/v2\/pages"}],"about":[{"href":"https:\/\/kmsc.pl\/index.php?rest_route=\/wp\/v2\/types\/page"}],"author":[{"embeddable":true,"href":"https:\/\/kmsc.pl\/index.php?rest_route=\/wp\/v2\/users\/1"}],"replies":[{"embeddable":true,"href":"https:\/\/kmsc.pl\/index.php?rest_route=%2Fwp%2Fv2%2Fcomments&post=5"}],"version-history":[{"count":3,"href":"https:\/\/kmsc.pl\/index.php?rest_route=\/wp\/v2\/pages\/5\/revisions"}],"predecessor-version":[{"id":10,"href":"https:\/\/kmsc.pl\/index.php?rest_route=\/wp\/v2\/pages\/5\/revisions\/10"}],"wp:attachment":[{"href":"https:\/\/kmsc.pl\/index.php?rest_route=%2Fwp%2Fv2%2Fmedia&parent=5"}],"curies":[{"name":"wp","href":"https:\/\/api.w.org\/{rel}","templated":true}]}}